{"id":185,"date":"2024-12-16T12:28:28","date_gmt":"2024-12-16T12:28:28","guid":{"rendered":"https:\/\/kusadasiimplant.com\/?page_id=185"},"modified":"2024-12-16T12:28:28","modified_gmt":"2024-12-16T12:28:28","slug":"185-2","status":"publish","type":"page","link":"https:\/\/kusadasiimplant.com\/index.php\/185-2\/","title":{"rendered":""},"content":{"rendered":"\n<div class=\"wp-block-group alignfull is-layout-constrained wp-container-core-group-is-layout-490fa1db wp-block-group-is-layout-constrained\" style=\"padding-top:var(--wp--preset--spacing--50);padding-right:var(--wp--preset--spacing--50);padding-bottom:var(--wp--preset--spacing--50);padding-left:var(--wp--preset--spacing--50)\">\n<div class=\"wp-block-group is-layout-constrained wp-container-core-group-is-layout-650790e1 wp-block-group-is-layout-constrained\">\n<h1 class=\"wp-block-heading has-text-align-center has-x-large-font-size\">Yenilik ve s\u00fcrd\u00fcr\u00fclebilirli\u011fe ba\u011fl\u0131l\u0131k<\/h1>\n\n\n\n<div style=\"height:1.25rem\" aria-hidden=\"true\" class=\"wp-block-spacer\"><\/div>\n\n\n\n<p class=\"has-text-align-center\">\u00c9tudes, mimari m\u00fckemmelli\u011fi yeniden tan\u0131mlamak i\u00e7in yarat\u0131c\u0131l\u0131\u011f\u0131 ve i\u015flevselli\u011fi kusursuz bir \u015fekilde birle\u015ftiren \u00f6nc\u00fc bir firmad\u0131r.<\/p>\n\n\n\n<div style=\"height:1.25rem\" aria-hidden=\"true\" class=\"wp-block-spacer\"><\/div>\n\n\n\n<div class=\"wp-block-buttons is-content-justification-center is-layout-flex wp-container-core-buttons-is-layout-a89b3969 wp-block-buttons-is-layout-flex\">\n<div class=\"wp-block-button\"><a class=\"wp-block-button__link wp-element-button\">Hakk\u0131m\u0131zda<\/a><\/div>\n<\/div>\n<\/div>\n\n\n\n<div style=\"height:var(--wp--preset--spacing--30)\" aria-hidden=\"true\" class=\"wp-block-spacer\"><\/div>\n\n\n\n<figure class=\"wp-block-image alignwide size-full is-style-rounded\"><img fetchpriority=\"high\" decoding=\"async\" width=\"1366\" height=\"768\" src=\"https:\/\/kusadasiimplant.com\/wp-content\/uploads\/2024\/12\/Home-5.png\" alt=\"\" class=\"wp-image-187\" srcset=\"https:\/\/kusadasiimplant.com\/wp-content\/uploads\/2024\/12\/Home-5.png 1366w, https:\/\/kusadasiimplant.com\/wp-content\/uploads\/2024\/12\/Home-5-300x169.png 300w, https:\/\/kusadasiimplant.com\/wp-content\/uploads\/2024\/12\/Home-5-1024x576.png 1024w, https:\/\/kusadasiimplant.com\/wp-content\/uploads\/2024\/12\/Home-5-768x432.png 768w\" sizes=\"(max-width: 1366px) 100vw, 1366px\" \/><\/figure>\n\n\n\n<figure class=\"wp-block-image alignwide size-full is-style-rounded\"><img decoding=\"async\" width=\"1366\" height=\"768\" src=\"https:\/\/kusadasiimplant.com\/wp-content\/uploads\/2024\/12\/About-11.png\" alt=\"\" class=\"wp-image-188\" srcset=\"https:\/\/kusadasiimplant.com\/wp-content\/uploads\/2024\/12\/About-11.png 1366w, https:\/\/kusadasiimplant.com\/wp-content\/uploads\/2024\/12\/About-11-300x169.png 300w, https:\/\/kusadasiimplant.com\/wp-content\/uploads\/2024\/12\/About-11-1024x576.png 1024w, https:\/\/kusadasiimplant.com\/wp-content\/uploads\/2024\/12\/About-11-768x432.png 768w\" sizes=\"(max-width: 1366px) 100vw, 1366px\" \/><\/figure>\n\n\n\n<figure class=\"wp-block-image alignwide size-full is-style-rounded\"><img decoding=\"async\" width=\"1366\" height=\"768\" src=\"https:\/\/kusadasiimplant.com\/wp-content\/uploads\/2024\/12\/Services-10.png\" alt=\"\" class=\"wp-image-189\" srcset=\"https:\/\/kusadasiimplant.com\/wp-content\/uploads\/2024\/12\/Services-10.png 1366w, https:\/\/kusadasiimplant.com\/wp-content\/uploads\/2024\/12\/Services-10-300x169.png 300w, https:\/\/kusadasiimplant.com\/wp-content\/uploads\/2024\/12\/Services-10-1024x576.png 1024w, https:\/\/kusadasiimplant.com\/wp-content\/uploads\/2024\/12\/Services-10-768x432.png 768w\" sizes=\"(max-width: 1366px) 100vw, 1366px\" \/><\/figure>\n\n\n\n<figure class=\"wp-block-image alignwide size-full is-style-rounded\"><img loading=\"lazy\" decoding=\"async\" width=\"1366\" height=\"768\" src=\"https:\/\/kusadasiimplant.com\/wp-content\/uploads\/2024\/12\/Why-Us-2.png\" alt=\"\" class=\"wp-image-190\" srcset=\"https:\/\/kusadasiimplant.com\/wp-content\/uploads\/2024\/12\/Why-Us-2.png 1366w, https:\/\/kusadasiimplant.com\/wp-content\/uploads\/2024\/12\/Why-Us-2-300x169.png 300w, https:\/\/kusadasiimplant.com\/wp-content\/uploads\/2024\/12\/Why-Us-2-1024x576.png 1024w, https:\/\/kusadasiimplant.com\/wp-content\/uploads\/2024\/12\/Why-Us-2-768x432.png 768w\" sizes=\"(max-width: 1366px) 100vw, 1366px\" \/><\/figure>\n\n\n\n<figure class=\"wp-block-image alignwide size-full is-style-rounded\"><img loading=\"lazy\" decoding=\"async\" width=\"1366\" height=\"768\" src=\"https:\/\/kusadasiimplant.com\/wp-content\/uploads\/2024\/12\/Testimonials-2.png\" alt=\"\" class=\"wp-image-191\" srcset=\"https:\/\/kusadasiimplant.com\/wp-content\/uploads\/2024\/12\/Testimonials-2.png 1366w, https:\/\/kusadasiimplant.com\/wp-content\/uploads\/2024\/12\/Testimonials-2-300x169.png 300w, https:\/\/kusadasiimplant.com\/wp-content\/uploads\/2024\/12\/Testimonials-2-1024x576.png 1024w, https:\/\/kusadasiimplant.com\/wp-content\/uploads\/2024\/12\/Testimonials-2-768x432.png 768w\" sizes=\"(max-width: 1366px) 100vw, 1366px\" \/><\/figure>\n\n\n\n<figure class=\"wp-block-image alignwide size-full is-style-rounded\"><img loading=\"lazy\" decoding=\"async\" width=\"1366\" height=\"768\" src=\"https:\/\/kusadasiimplant.com\/wp-content\/uploads\/2024\/12\/Contact-4.png\" alt=\"\" class=\"wp-image-192\" srcset=\"https:\/\/kusadasiimplant.com\/wp-content\/uploads\/2024\/12\/Contact-4.png 1366w, https:\/\/kusadasiimplant.com\/wp-content\/uploads\/2024\/12\/Contact-4-300x169.png 300w, https:\/\/kusadasiimplant.com\/wp-content\/uploads\/2024\/12\/Contact-4-1024x576.png 1024w, https:\/\/kusadasiimplant.com\/wp-content\/uploads\/2024\/12\/Contact-4-768x432.png 768w\" sizes=\"(max-width: 1366px) 100vw, 1366px\" \/><\/figure>\n<\/div>\n\n\n\n<div class=\"wp-block-group alignfull has-base-color has-contrast-background-color has-text-color has-background is-layout-constrained wp-container-core-group-is-layout-ef3d885c wp-block-group-is-layout-constrained\" style=\"margin-top:0;margin-bottom:0;padding-top:var(--wp--preset--spacing--60);padding-right:var(--wp--preset--spacing--60);padding-bottom:var(--wp--preset--spacing--60);padding-left:var(--wp--preset--spacing--60)\">\n<div class=\"wp-block-group is-layout-constrained wp-block-group-is-layout-constrained\">\n<p class=\"has-base-color has-text-color has-heading-font-family has-x-large-font-size\" style=\"line-height:1.2\">A\u011f\u0131z Sa\u011fl\u0131\u011f\u0131 ve Hijyeni<\/p>\n\n\n\n<p>\u2013 D\u00fcnya Sa\u011fl\u0131k \u00d6rg\u00fct\u00fc\u2019ne g\u00f6re d\u00fcnya n\u00fcfusunun %45\u2019i, yani yakla\u015f\u0131k 3,5 milyar insan a\u011f\u0131z hastal\u0131klar\u0131ndan muzdariptir.<\/p>\n\n\n\n<p>\u2013 20-64 ya\u015f\u0131ndaki yeti\u015fkinlerin yakla\u015f\u0131k %26\u2019s\u0131n\u0131n kal\u0131c\u0131 di\u015flerinde tedavi edilmemi\u015f di\u015f \u00e7\u00fcr\u00fc\u011f\u00fc vard\u0131r.<\/p>\n\n\n\n<p>\u2013 Di\u015f kayb\u0131 d\u00fcnya \u00e7ap\u0131nda 65-74 ya\u015f\u0131ndaki insanlar\u0131n %30\u2019unu etkilemektedir.<\/p>\n<\/div>\n\n\n\n<p>Kaynak: D\u00fcnya Sa\u011fl\u0131k \u00d6rg\u00fct\u00fc (WHO) taraf\u0131ndan 2022 y\u0131l\u0131nda yeni K\u00fcresel A\u011f\u0131z Sa\u011fl\u0131\u011f\u0131 Durum Raporu<\/p>\n\n\n\n<div class=\"wp-block-group is-layout-constrained wp-block-group-is-layout-constrained\">\n<div style=\"height:var(--wp--preset--spacing--10)\" aria-hidden=\"true\" class=\"wp-block-spacer\"><\/div>\n<\/div>\n<\/div>\n","protected":false},"excerpt":{"rendered":"<p>Yenilik ve s\u00fcrd\u00fcr\u00fclebilirli\u011fe ba\u011fl\u0131l\u0131k \u00c9tudes, mimari m\u00fckemmelli\u011fi yeniden tan\u0131mlamak i\u00e7in yarat\u0131c\u0131l\u0131\u011f\u0131 ve i\u015flevselli\u011fi kusursuz bir \u015fekilde birle\u015ftiren \u00f6nc\u00fc bir firmad\u0131r. [&hellip;]<\/p>\n","protected":false},"author":1,"featured_media":0,"parent":0,"menu_order":0,"comment_status":"closed","ping_status":"closed","template":"","meta":{"saved_in_kubio":false,"site-sidebar-layout":"default","site-content-layout":"","ast-site-content-layout":"","site-content-style":"default","site-sidebar-style":"default","ast-global-header-display":"","ast-banner-title-visibility":"","ast-main-header-display":"","ast-hfb-above-header-display":"","ast-hfb-below-header-display":"","ast-hfb-mobile-header-display":"","site-post-title":"","ast-breadcrumbs-content":"","ast-featured-img":"","footer-sml-layout":"","theme-transparent-header-meta":"","adv-header-id-meta":"","stick-header-meta":"","header-above-stick-meta":"","header-main-stick-meta":"","header-below-stick-meta":"","astra-migrate-meta-layouts":"default","ast-page-background-enabled":"default","ast-page-background-meta":{"desktop":{"background-color":"var(--ast-global-color-4)","background-image":"","background-repeat":"repeat","background-position":"center center","background-size":"auto","background-attachment":"scroll","background-type":"","background-media":"","overlay-type":"","overlay-color":"","overlay-opacity":"","overlay-gradient":""},"tablet":{"background-color":"","background-image":"","background-repeat":"repeat","background-position":"center center","background-size":"auto","background-attachment":"scroll","background-type":"","background-media":"","overlay-type":"","overlay-color":"","overlay-opacity":"","overlay-gradient":""},"mobile":{"background-color":"","background-image":"","background-repeat":"repeat","background-position":"center center","background-size":"auto","background-attachment":"scroll","background-type":"","background-media":"","overlay-type":"","overlay-color":"","overlay-opacity":"","overlay-gradient":""}},"ast-content-background-meta":{"desktop":{"background-color":"var(--ast-global-color-5)","background-image":"","background-repeat":"repeat","background-position":"center center","background-size":"auto","background-attachment":"scroll","background-type":"","background-media":"","overlay-type":"","overlay-color":"","overlay-opacity":"","overlay-gradient":""},"tablet":{"background-color":"var(--ast-global-color-5)","background-image":"","background-repeat":"repeat","background-position":"center center","background-size":"auto","background-attachment":"scroll","background-type":"","background-media":"","overlay-type":"","overlay-color":"","overlay-opacity":"","overlay-gradient":""},"mobile":{"background-color":"var(--ast-global-color-5)","background-image":"","background-repeat":"repeat","background-position":"center center","background-size":"auto","background-attachment":"scroll","background-type":"","background-media":"","overlay-type":"","overlay-color":"","overlay-opacity":"","overlay-gradient":""}},"footnotes":""},"class_list":["post-185","page","type-page","status-publish","hentry"],"kubio_ai_page_context":{"short_desc":"","purpose":"general"},"_links":{"self":[{"href":"https:\/\/kusadasiimplant.com\/index.php\/wp-json\/wp\/v2\/pages\/185","targetHints":{"allow":["GET"]}}],"collection":[{"href":"https:\/\/kusadasiimplant.com\/index.php\/wp-json\/wp\/v2\/pages"}],"about":[{"href":"https:\/\/kusadasiimplant.com\/index.php\/wp-json\/wp\/v2\/types\/page"}],"author":[{"embeddable":true,"href":"https:\/\/kusadasiimplant.com\/index.php\/wp-json\/wp\/v2\/users\/1"}],"replies":[{"embeddable":true,"href":"https:\/\/kusadasiimplant.com\/index.php\/wp-json\/wp\/v2\/comments?post=185"}],"version-history":[{"count":1,"href":"https:\/\/kusadasiimplant.com\/index.php\/wp-json\/wp\/v2\/pages\/185\/revisions"}],"predecessor-version":[{"id":193,"href":"https:\/\/kusadasiimplant.com\/index.php\/wp-json\/wp\/v2\/pages\/185\/revisions\/193"}],"wp:attachment":[{"href":"https:\/\/kusadasiimplant.com\/index.php\/wp-json\/wp\/v2\/media?parent=185"}],"curies":[{"name":"wp","href":"https:\/\/api.w.org\/{rel}","templated":true}]}}